{"id":4602,"date":"2018-07-30T08:38:46","date_gmt":"2018-07-30T08:38:46","guid":{"rendered":"http:\/\/34.89.185.113\/product\/68322563-roue-dentee-de-mecanisme-pour-etrier-droit\/"},"modified":"2018-07-30T08:38:46","modified_gmt":"2018-07-30T08:38:46","slug":"68322563-roue-dentee-de-mecanisme-pour-etrier-droit","status":"publish","type":"product","link":"https:\/\/abpart.co\/en\/product\/68322563-roue-dentee-de-mecanisme-pour-etrier-droit\/","title":{"rendered":"68322563 Roue dent\u00e9e de m\u00e9canisme pour \u00e9trier &#8211; droit"},"content":{"rendered":"<h3>68322563 Roue dent\u00e9e de m\u00e9canisme pour \u00e9trier &#8211; droit<\/h3>\n<p><strong>AB Part No: B20023024<\/strong><\/p>\n<p><strong>OEM No: 68322563<\/strong><\/p>\n<p><span style=\"color: #ffffff;\">20-2492<\/span><\/p>\n","protected":false},"excerpt":{"rendered":"<p>68322563 Roue dent\u00e9e de m\u00e9canisme pour \u00e9trier &#8211; droit AB Part No: B20023024 OEM No: 68322563 20-2492<\/p>\n","protected":false},"featured_media":15332,"comment_status":"open","ping_status":"closed","template":"","meta":[],"product-make":[],"product-model":[],"product-trim":[],"pa_category":[518,479],"product_tag":[],"product_attributes":null,"jetpack_sharing_enabled":true,"_links":{"self":[{"href":"https:\/\/abpart.co\/en\/wp-json\/wp\/v2\/product\/4602"}],"collection":[{"href":"https:\/\/abpart.co\/en\/wp-json\/wp\/v2\/product"}],"about":[{"href":"https:\/\/abpart.co\/en\/wp-json\/wp\/v2\/types\/product"}],"replies":[{"embeddable":true,"href":"https:\/\/abpart.co\/en\/wp-json\/wp\/v2\/comments?post=4602"}],"wp:featuredmedia":[{"embeddable":true,"href":"https:\/\/abpart.co\/en\/wp-json\/wp\/v2\/media\/15332"}],"wp:attachment":[{"href":"https:\/\/abpart.co\/en\/wp-json\/wp\/v2\/media?parent=4602"}],"wp:term":[{"taxonomy":"product-make","embeddable":true,"href":"https:\/\/abpart.co\/en\/wp-json\/wp\/v2\/product-make?post=4602"},{"taxonomy":"product-model","embeddable":true,"href":"https:\/\/abpart.co\/en\/wp-json\/wp\/v2\/product-model?post=4602"},{"taxonomy":"product-trim","embeddable":true,"href":"https:\/\/abpart.co\/en\/wp-json\/wp\/v2\/product-trim?post=4602"},{"taxonomy":"product_cat","embeddable":true,"href":"https:\/\/abpart.co\/en\/wp-json\/wp\/v2\/pa_category?post=4602"},{"taxonomy":"product_tag","embeddable":true,"href":"https:\/\/abpart.co\/en\/wp-json\/wp\/v2\/product_tag?post=4602"}],"curies":[{"name":"wp","href":"https:\/\/api.w.org\/{rel}","templated":true}]}}