{"id":4633,"date":"2018-07-30T09:12:02","date_gmt":"2018-07-30T09:12:02","guid":{"rendered":"http:\/\/34.89.185.113\/product\/k000697-etrier-de-frein-kits-de-reparation\/"},"modified":"2018-07-30T09:12:02","modified_gmt":"2018-07-30T09:12:02","slug":"k000697-etrier-de-frein-kits-de-reparation","status":"publish","type":"product","link":"https:\/\/abpart.co\/en\/product\/k000697-etrier-de-frein-kits-de-reparation\/","title":{"rendered":"K000697 \u00c9TRIER DE FREIN KITS DE R\u00c9PARATION"},"content":{"rendered":"<h3>K000697 \u00c9TRIER DE FREIN KITS DE R\u00c9PARATION<\/h3>\n<p><strong>AB Part No: B20011076<\/strong><\/p>\n<p><strong>OEM No: K000697<\/strong><\/p>\n<p><span style=\"color: #ffffff;\">GTK1.929 &#8211;\u00a010-1313<\/span><\/p>\n","protected":false},"excerpt":{"rendered":"<p>K000697 \u00c9TRIER DE FREIN KITS DE R\u00c9PARATION AB Part No: B20011076 OEM No: K000697 GTK1.929 &#8211;\u00a010-1313<\/p>\n","protected":false},"featured_media":15357,"comment_status":"open","ping_status":"closed","template":"","meta":[],"product-make":[],"product-model":[],"product-trim":[],"pa_category":[475,481],"product_tag":[],"product_attributes":null,"jetpack_sharing_enabled":true,"_links":{"self":[{"href":"https:\/\/abpart.co\/en\/wp-json\/wp\/v2\/product\/4633"}],"collection":[{"href":"https:\/\/abpart.co\/en\/wp-json\/wp\/v2\/product"}],"about":[{"href":"https:\/\/abpart.co\/en\/wp-json\/wp\/v2\/types\/product"}],"replies":[{"embeddable":true,"href":"https:\/\/abpart.co\/en\/wp-json\/wp\/v2\/comments?post=4633"}],"wp:featuredmedia":[{"embeddable":true,"href":"https:\/\/abpart.co\/en\/wp-json\/wp\/v2\/media\/15357"}],"wp:attachment":[{"href":"https:\/\/abpart.co\/en\/wp-json\/wp\/v2\/media?parent=4633"}],"wp:term":[{"taxonomy":"product-make","embeddable":true,"href":"https:\/\/abpart.co\/en\/wp-json\/wp\/v2\/product-make?post=4633"},{"taxonomy":"product-model","embeddable":true,"href":"https:\/\/abpart.co\/en\/wp-json\/wp\/v2\/product-model?post=4633"},{"taxonomy":"product-trim","embeddable":true,"href":"https:\/\/abpart.co\/en\/wp-json\/wp\/v2\/product-trim?post=4633"},{"taxonomy":"product_cat","embeddable":true,"href":"https:\/\/abpart.co\/en\/wp-json\/wp\/v2\/pa_category?post=4633"},{"taxonomy":"product_tag","embeddable":true,"href":"https:\/\/abpart.co\/en\/wp-json\/wp\/v2\/product_tag?post=4633"}],"curies":[{"name":"wp","href":"https:\/\/api.w.org\/{rel}","templated":true}]}}