{"id":4642,"date":"2018-07-30T09:22:06","date_gmt":"2018-07-30T09:22:06","guid":{"rendered":"http:\/\/34.89.185.113\/product\/k000698-guia-de-pinza-kit-de-reparacion\/"},"modified":"2018-07-30T09:22:06","modified_gmt":"2018-07-30T09:22:06","slug":"k000698-guia-de-pinza-kit-de-reparacion","status":"publish","type":"product","link":"https:\/\/abpart.co\/en\/product\/k000698-guia-de-pinza-kit-de-reparacion\/","title":{"rendered":"K000698 Gu\u00eda de pinza Kit de reparaci\u00f3n"},"content":{"rendered":"<h3>K000698 Gu\u00eda de pinza Kit de reparaci\u00f3n<\/h3>\n<p><strong>AB Part No: B20011075<\/strong><\/p>\n<p><strong>OEM No: K000698<\/strong><\/p>\n<p><span style=\"color: #ffffff;\">GTK1.965 &#8211;\u00a010-1312<\/span><\/p>\n","protected":false},"excerpt":{"rendered":"<p>K000698 Gu\u00eda de pinza Kit de reparaci\u00f3n AB Part No: B20011075 OEM No: K000698 GTK1.965 &#8211;\u00a010-1312<\/p>\n","protected":false},"featured_media":15365,"comment_status":"open","ping_status":"closed","template":"","meta":[],"product-make":[],"product-model":[],"product-trim":[],"pa_category":[475,481],"product_tag":[],"product_attributes":null,"jetpack_sharing_enabled":true,"_links":{"self":[{"href":"https:\/\/abpart.co\/en\/wp-json\/wp\/v2\/product\/4642"}],"collection":[{"href":"https:\/\/abpart.co\/en\/wp-json\/wp\/v2\/product"}],"about":[{"href":"https:\/\/abpart.co\/en\/wp-json\/wp\/v2\/types\/product"}],"replies":[{"embeddable":true,"href":"https:\/\/abpart.co\/en\/wp-json\/wp\/v2\/comments?post=4642"}],"wp:featuredmedia":[{"embeddable":true,"href":"https:\/\/abpart.co\/en\/wp-json\/wp\/v2\/media\/15365"}],"wp:attachment":[{"href":"https:\/\/abpart.co\/en\/wp-json\/wp\/v2\/media?parent=4642"}],"wp:term":[{"taxonomy":"product-make","embeddable":true,"href":"https:\/\/abpart.co\/en\/wp-json\/wp\/v2\/product-make?post=4642"},{"taxonomy":"product-model","embeddable":true,"href":"https:\/\/abpart.co\/en\/wp-json\/wp\/v2\/product-model?post=4642"},{"taxonomy":"product-trim","embeddable":true,"href":"https:\/\/abpart.co\/en\/wp-json\/wp\/v2\/product-trim?post=4642"},{"taxonomy":"product_cat","embeddable":true,"href":"https:\/\/abpart.co\/en\/wp-json\/wp\/v2\/pa_category?post=4642"},{"taxonomy":"product_tag","embeddable":true,"href":"https:\/\/abpart.co\/en\/wp-json\/wp\/v2\/product_tag?post=4642"}],"curies":[{"name":"wp","href":"https:\/\/api.w.org\/{rel}","templated":true}]}}