{"id":4650,"date":"2018-07-30T09:26:17","date_gmt":"2018-07-30T09:26:17","guid":{"rendered":"http:\/\/34.89.185.113\/product\/k001470-etrier-de-frein-kits-de-reparation\/"},"modified":"2018-07-30T09:26:17","modified_gmt":"2018-07-30T09:26:17","slug":"k001470-etrier-de-frein-kits-de-reparation","status":"publish","type":"product","link":"https:\/\/abpart.co\/en\/product\/k001470-etrier-de-frein-kits-de-reparation\/","title":{"rendered":"K001470 \u00c9TRIER DE FREIN KITS DE R\u00c9PARATION"},"content":{"rendered":"<h3>K001470 \u00c9TRIER DE FREIN KITS DE R\u00c9PARATION<\/h3>\n<p><strong>AB Part No: B20011086<\/strong><\/p>\n<p><strong>OEM No: K001470<\/strong><\/p>\n<p><span style=\"color: #ffffff;\">10-1311<\/span><\/p>\n","protected":false},"excerpt":{"rendered":"<p>K001470 \u00c9TRIER DE FREIN KITS DE R\u00c9PARATION AB Part No: B20011086 OEM No: K001470 10-1311<\/p>\n","protected":false},"featured_media":15372,"comment_status":"open","ping_status":"closed","template":"","meta":[],"product-make":[],"product-model":[],"product-trim":[],"pa_category":[475,481],"product_tag":[],"product_attributes":null,"jetpack_sharing_enabled":true,"_links":{"self":[{"href":"https:\/\/abpart.co\/en\/wp-json\/wp\/v2\/product\/4650"}],"collection":[{"href":"https:\/\/abpart.co\/en\/wp-json\/wp\/v2\/product"}],"about":[{"href":"https:\/\/abpart.co\/en\/wp-json\/wp\/v2\/types\/product"}],"replies":[{"embeddable":true,"href":"https:\/\/abpart.co\/en\/wp-json\/wp\/v2\/comments?post=4650"}],"wp:featuredmedia":[{"embeddable":true,"href":"https:\/\/abpart.co\/en\/wp-json\/wp\/v2\/media\/15372"}],"wp:attachment":[{"href":"https:\/\/abpart.co\/en\/wp-json\/wp\/v2\/media?parent=4650"}],"wp:term":[{"taxonomy":"product-make","embeddable":true,"href":"https:\/\/abpart.co\/en\/wp-json\/wp\/v2\/product-make?post=4650"},{"taxonomy":"product-model","embeddable":true,"href":"https:\/\/abpart.co\/en\/wp-json\/wp\/v2\/product-model?post=4650"},{"taxonomy":"product-trim","embeddable":true,"href":"https:\/\/abpart.co\/en\/wp-json\/wp\/v2\/product-trim?post=4650"},{"taxonomy":"product_cat","embeddable":true,"href":"https:\/\/abpart.co\/en\/wp-json\/wp\/v2\/pa_category?post=4650"},{"taxonomy":"product_tag","embeddable":true,"href":"https:\/\/abpart.co\/en\/wp-json\/wp\/v2\/product_tag?post=4650"}],"curies":[{"name":"wp","href":"https:\/\/api.w.org\/{rel}","templated":true}]}}