{"id":4670,"date":"2018-07-30T10:35:18","date_gmt":"2018-07-30T10:35:18","guid":{"rendered":"http:\/\/34.89.185.113\/product\/k000944-etrier-piston-poussoir-et-joints-necessaire-de-reparation\/"},"modified":"2018-07-30T10:35:18","modified_gmt":"2018-07-30T10:35:18","slug":"k000944-etrier-piston-poussoir-et-joints-necessaire-de-reparation","status":"publish","type":"product","link":"https:\/\/abpart.co\/en\/product\/k000944-etrier-piston-poussoir-et-joints-necessaire-de-reparation\/","title":{"rendered":"K000944 Etrier Piston Poussoir et joints N\u00e9cessaire de r\u00e9paration"},"content":{"rendered":"<h3><strong>K000944 Etrier Piston Poussoir et joints N\u00e9cessaire de r\u00e9paration<\/strong><\/h3>\n<p><strong>AB Part No: B20011114 <\/strong><\/p>\n<p><strong>OEM No: K000944 &#8211; K010604 &#8211; 05317002800 &#8211; P66RK007 &#8211; II304130065 &#8211; II304130062 <\/strong><\/p>\n<p><span style=\"color: #ffffff;\"><strong>GTK1.921 &#8211;\u00a010-1161<\/strong><\/span><\/p>\n","protected":false},"excerpt":{"rendered":"<p>K000944 Etrier Piston Poussoir et joints N\u00e9cessaire de r\u00e9paration AB Part No: B20011114 OEM No: K000944 &#8211; K010604 &#8211; 05317002800 &#8211; P66RK007 &#8211; II304130065 &#8211; II304130062 GTK1.921 &#8211;\u00a010-1161<\/p>\n","protected":false},"featured_media":15390,"comment_status":"open","ping_status":"closed","template":"","meta":[],"product-make":[],"product-model":[],"product-trim":[],"pa_category":[475,478],"product_tag":[],"product_attributes":null,"jetpack_sharing_enabled":true,"_links":{"self":[{"href":"https:\/\/abpart.co\/en\/wp-json\/wp\/v2\/product\/4670"}],"collection":[{"href":"https:\/\/abpart.co\/en\/wp-json\/wp\/v2\/product"}],"about":[{"href":"https:\/\/abpart.co\/en\/wp-json\/wp\/v2\/types\/product"}],"replies":[{"embeddable":true,"href":"https:\/\/abpart.co\/en\/wp-json\/wp\/v2\/comments?post=4670"}],"wp:featuredmedia":[{"embeddable":true,"href":"https:\/\/abpart.co\/en\/wp-json\/wp\/v2\/media\/15390"}],"wp:attachment":[{"href":"https:\/\/abpart.co\/en\/wp-json\/wp\/v2\/media?parent=4670"}],"wp:term":[{"taxonomy":"product-make","embeddable":true,"href":"https:\/\/abpart.co\/en\/wp-json\/wp\/v2\/product-make?post=4670"},{"taxonomy":"product-model","embeddable":true,"href":"https:\/\/abpart.co\/en\/wp-json\/wp\/v2\/product-model?post=4670"},{"taxonomy":"product-trim","embeddable":true,"href":"https:\/\/abpart.co\/en\/wp-json\/wp\/v2\/product-trim?post=4670"},{"taxonomy":"product_cat","embeddable":true,"href":"https:\/\/abpart.co\/en\/wp-json\/wp\/v2\/pa_category?post=4670"},{"taxonomy":"product_tag","embeddable":true,"href":"https:\/\/abpart.co\/en\/wp-json\/wp\/v2\/product_tag?post=4670"}],"curies":[{"name":"wp","href":"https:\/\/api.w.org\/{rel}","templated":true}]}}