{"id":4706,"date":"2018-07-30T10:54:41","date_gmt":"2018-07-30T10:54:41","guid":{"rendered":"http:\/\/34.89.185.113\/product\/sj4109-necessaire-de-reparation-etrier-de-phoque-de-couverture\/"},"modified":"2018-07-30T10:54:41","modified_gmt":"2018-07-30T10:54:41","slug":"sj4109-necessaire-de-reparation-etrier-de-phoque-de-couverture","status":"publish","type":"product","link":"https:\/\/abpart.co\/en\/product\/sj4109-necessaire-de-reparation-etrier-de-phoque-de-couverture\/","title":{"rendered":"SJ4109 N\u00e9cessaire de r\u00e9paration Etrier de Phoque de couverture"},"content":{"rendered":"<h3>SJ4109 N\u00e9cessaire de r\u00e9paration Etrier de Phoque de couverture<\/h3>\n<p><strong>AB Part No: B20023027<\/strong><\/p>\n<p><strong>OEM: SJ4109<\/strong><\/p>\n","protected":false},"excerpt":{"rendered":"<p>SJ4109 N\u00e9cessaire de r\u00e9paration Etrier de Phoque de couverture AB Part No: B20023027 OEM: SJ4109<\/p>\n","protected":false},"featured_media":15412,"comment_status":"open","ping_status":"closed","template":"","meta":[],"product-make":[],"product-model":[],"product-trim":[],"pa_category":[484,479],"product_tag":[],"product_attributes":null,"jetpack_sharing_enabled":true,"_links":{"self":[{"href":"https:\/\/abpart.co\/en\/wp-json\/wp\/v2\/product\/4706"}],"collection":[{"href":"https:\/\/abpart.co\/en\/wp-json\/wp\/v2\/product"}],"about":[{"href":"https:\/\/abpart.co\/en\/wp-json\/wp\/v2\/types\/product"}],"replies":[{"embeddable":true,"href":"https:\/\/abpart.co\/en\/wp-json\/wp\/v2\/comments?post=4706"}],"wp:featuredmedia":[{"embeddable":true,"href":"https:\/\/abpart.co\/en\/wp-json\/wp\/v2\/media\/15412"}],"wp:attachment":[{"href":"https:\/\/abpart.co\/en\/wp-json\/wp\/v2\/media?parent=4706"}],"wp:term":[{"taxonomy":"product-make","embeddable":true,"href":"https:\/\/abpart.co\/en\/wp-json\/wp\/v2\/product-make?post=4706"},{"taxonomy":"product-model","embeddable":true,"href":"https:\/\/abpart.co\/en\/wp-json\/wp\/v2\/product-model?post=4706"},{"taxonomy":"product-trim","embeddable":true,"href":"https:\/\/abpart.co\/en\/wp-json\/wp\/v2\/product-trim?post=4706"},{"taxonomy":"product_cat","embeddable":true,"href":"https:\/\/abpart.co\/en\/wp-json\/wp\/v2\/pa_category?post=4706"},{"taxonomy":"product_tag","embeddable":true,"href":"https:\/\/abpart.co\/en\/wp-json\/wp\/v2\/product_tag?post=4706"}],"curies":[{"name":"wp","href":"https:\/\/api.w.org\/{rel}","templated":true}]}}