{"id":4727,"date":"2018-07-30T11:02:29","date_gmt":"2018-07-30T11:02:29","guid":{"rendered":"http:\/\/34.89.185.113\/product\/k000697-guia-de-pinza-kit-de-reparacion-2\/"},"modified":"2018-07-30T11:02:29","modified_gmt":"2018-07-30T11:02:29","slug":"k000697-guia-de-pinza-kit-de-reparacion-2","status":"publish","type":"product","link":"https:\/\/abpart.co\/en\/product\/k000697-guia-de-pinza-kit-de-reparacion-2\/","title":{"rendered":"K000697 Gu\u00eda de pinza Kit de reparaci\u00f3n"},"content":{"rendered":"<h3>K000697 Gu\u00eda de pinza Kit de reparaci\u00f3n<\/h3>\n<p><strong>AB Part No: B20011076<\/strong><\/p>\n<p><strong>OEM: K000697<\/strong><\/p>\n","protected":false},"excerpt":{"rendered":"<p>K000697 Gu\u00eda de pinza Kit de reparaci\u00f3n AB Part No: B20011076 OEM: K000697<\/p>\n","protected":false},"featured_media":15422,"comment_status":"open","ping_status":"closed","template":"","meta":[],"product-make":[],"product-model":[],"product-trim":[],"pa_category":[475,481],"product_tag":[],"product_attributes":null,"jetpack_sharing_enabled":true,"_links":{"self":[{"href":"https:\/\/abpart.co\/en\/wp-json\/wp\/v2\/product\/4727"}],"collection":[{"href":"https:\/\/abpart.co\/en\/wp-json\/wp\/v2\/product"}],"about":[{"href":"https:\/\/abpart.co\/en\/wp-json\/wp\/v2\/types\/product"}],"replies":[{"embeddable":true,"href":"https:\/\/abpart.co\/en\/wp-json\/wp\/v2\/comments?post=4727"}],"wp:featuredmedia":[{"embeddable":true,"href":"https:\/\/abpart.co\/en\/wp-json\/wp\/v2\/media\/15422"}],"wp:attachment":[{"href":"https:\/\/abpart.co\/en\/wp-json\/wp\/v2\/media?parent=4727"}],"wp:term":[{"taxonomy":"product-make","embeddable":true,"href":"https:\/\/abpart.co\/en\/wp-json\/wp\/v2\/product-make?post=4727"},{"taxonomy":"product-model","embeddable":true,"href":"https:\/\/abpart.co\/en\/wp-json\/wp\/v2\/product-model?post=4727"},{"taxonomy":"product-trim","embeddable":true,"href":"https:\/\/abpart.co\/en\/wp-json\/wp\/v2\/product-trim?post=4727"},{"taxonomy":"product_cat","embeddable":true,"href":"https:\/\/abpart.co\/en\/wp-json\/wp\/v2\/pa_category?post=4727"},{"taxonomy":"product_tag","embeddable":true,"href":"https:\/\/abpart.co\/en\/wp-json\/wp\/v2\/product_tag?post=4727"}],"curies":[{"name":"wp","href":"https:\/\/api.w.org\/{rel}","templated":true}]}}