{"id":4729,"date":"2018-07-30T11:03:28","date_gmt":"2018-07-30T11:03:28","guid":{"rendered":"http:\/\/34.89.185.113\/product\/sj4113-mecanisme-de-reglage-de-letrier-gauche\/"},"modified":"2018-07-30T11:03:28","modified_gmt":"2018-07-30T11:03:28","slug":"sj4113-mecanisme-de-reglage-de-letrier-gauche","status":"publish","type":"product","link":"https:\/\/abpart.co\/en\/product\/sj4113-mecanisme-de-reglage-de-letrier-gauche\/","title":{"rendered":"SJ4113 M\u00e9canisme de r\u00e9glage de l&#8217;\u00e9trier (gauche)"},"content":{"rendered":"<h3>SJ4113 M\u00e9canisme de r\u00e9glage de l&#8217;\u00e9trier (gauche)<\/h3>\n<p><strong>AB Part No: B20022005<\/strong><\/p>\n<p><strong>OEM: SJ4113<\/strong><\/p>\n<p><span style=\"color: #ffffff;\">20-2571<\/span><\/p>\n","protected":false},"excerpt":{"rendered":"<p>SJ4113 M\u00e9canisme de r\u00e9glage de l&#8217;\u00e9trier (gauche) AB Part No: B20022005 OEM: SJ4113 20-2571<\/p>\n","protected":false},"featured_media":15424,"comment_status":"open","ping_status":"closed","template":"","meta":[],"product-make":[],"product-model":[],"product-trim":[],"pa_category":[482,483,479],"product_tag":[],"product_attributes":null,"jetpack_sharing_enabled":true,"_links":{"self":[{"href":"https:\/\/abpart.co\/en\/wp-json\/wp\/v2\/product\/4729"}],"collection":[{"href":"https:\/\/abpart.co\/en\/wp-json\/wp\/v2\/product"}],"about":[{"href":"https:\/\/abpart.co\/en\/wp-json\/wp\/v2\/types\/product"}],"replies":[{"embeddable":true,"href":"https:\/\/abpart.co\/en\/wp-json\/wp\/v2\/comments?post=4729"}],"wp:featuredmedia":[{"embeddable":true,"href":"https:\/\/abpart.co\/en\/wp-json\/wp\/v2\/media\/15424"}],"wp:attachment":[{"href":"https:\/\/abpart.co\/en\/wp-json\/wp\/v2\/media?parent=4729"}],"wp:term":[{"taxonomy":"product-make","embeddable":true,"href":"https:\/\/abpart.co\/en\/wp-json\/wp\/v2\/product-make?post=4729"},{"taxonomy":"product-model","embeddable":true,"href":"https:\/\/abpart.co\/en\/wp-json\/wp\/v2\/product-model?post=4729"},{"taxonomy":"product-trim","embeddable":true,"href":"https:\/\/abpart.co\/en\/wp-json\/wp\/v2\/product-trim?post=4729"},{"taxonomy":"product_cat","embeddable":true,"href":"https:\/\/abpart.co\/en\/wp-json\/wp\/v2\/pa_category?post=4729"},{"taxonomy":"product_tag","embeddable":true,"href":"https:\/\/abpart.co\/en\/wp-json\/wp\/v2\/product_tag?post=4729"}],"curies":[{"name":"wp","href":"https:\/\/api.w.org\/{rel}","templated":true}]}}