{"id":4735,"date":"2018-07-30T11:07:29","date_gmt":"2018-07-30T11:07:29","guid":{"rendered":"http:\/\/34.89.185.113\/product\/sj4114-mecanisme-de-reglage-de-letrier-droite\/"},"modified":"2018-07-30T11:07:29","modified_gmt":"2018-07-30T11:07:29","slug":"sj4114-mecanisme-de-reglage-de-letrier-droite","status":"publish","type":"product","link":"https:\/\/abpart.co\/en\/product\/sj4114-mecanisme-de-reglage-de-letrier-droite\/","title":{"rendered":"SJ4114 M\u00e9canisme de r\u00e9glage de l&#8217;\u00e9trier (droite)"},"content":{"rendered":"<h3>SJ4114 M\u00e9canisme de r\u00e9glage de l&#8217;\u00e9trier (droite)<\/h3>\n<p><strong>AB Part No: B20022004<\/strong><\/p>\n<p><strong>OEM: SJ4114<\/strong><\/p>\n","protected":false},"excerpt":{"rendered":"<p>SJ4114 M\u00e9canisme de r\u00e9glage de l&#8217;\u00e9trier (droite) AB Part No: B20022004 OEM: SJ4114<\/p>\n","protected":false},"featured_media":15430,"comment_status":"open","ping_status":"closed","template":"","meta":[],"product-make":[],"product-model":[],"product-trim":[],"pa_category":[482,483,479],"product_tag":[],"product_attributes":null,"jetpack_sharing_enabled":true,"_links":{"self":[{"href":"https:\/\/abpart.co\/en\/wp-json\/wp\/v2\/product\/4735"}],"collection":[{"href":"https:\/\/abpart.co\/en\/wp-json\/wp\/v2\/product"}],"about":[{"href":"https:\/\/abpart.co\/en\/wp-json\/wp\/v2\/types\/product"}],"replies":[{"embeddable":true,"href":"https:\/\/abpart.co\/en\/wp-json\/wp\/v2\/comments?post=4735"}],"wp:featuredmedia":[{"embeddable":true,"href":"https:\/\/abpart.co\/en\/wp-json\/wp\/v2\/media\/15430"}],"wp:attachment":[{"href":"https:\/\/abpart.co\/en\/wp-json\/wp\/v2\/media?parent=4735"}],"wp:term":[{"taxonomy":"product-make","embeddable":true,"href":"https:\/\/abpart.co\/en\/wp-json\/wp\/v2\/product-make?post=4735"},{"taxonomy":"product-model","embeddable":true,"href":"https:\/\/abpart.co\/en\/wp-json\/wp\/v2\/product-model?post=4735"},{"taxonomy":"product-trim","embeddable":true,"href":"https:\/\/abpart.co\/en\/wp-json\/wp\/v2\/product-trim?post=4735"},{"taxonomy":"product_cat","embeddable":true,"href":"https:\/\/abpart.co\/en\/wp-json\/wp\/v2\/pa_category?post=4735"},{"taxonomy":"product_tag","embeddable":true,"href":"https:\/\/abpart.co\/en\/wp-json\/wp\/v2\/product_tag?post=4735"}],"curies":[{"name":"wp","href":"https:\/\/api.w.org\/{rel}","templated":true}]}}