{"id":4780,"date":"2018-07-30T11:29:57","date_gmt":"2018-07-30T11:29:57","guid":{"rendered":"http:\/\/34.89.185.113\/product\/mck1102-kit-guidage-et-etancheite-pour-etrier\/"},"modified":"2018-07-30T11:29:57","modified_gmt":"2018-07-30T11:29:57","slug":"mck1102-kit-guidage-et-etancheite-pour-etrier","status":"publish","type":"product","link":"https:\/\/abpart.co\/en\/product\/mck1102-kit-guidage-et-etancheite-pour-etrier\/","title":{"rendered":"MCK1102 Kit guidage et \u00e9tanch\u00e9it\u00e9 pour \u00e9trier"},"content":{"rendered":"<h3>MCK1102 Kit guidage et \u00e9tanch\u00e9it\u00e9 pour \u00e9trier<\/h3>\n<p><strong>AB Part No: B20025000<\/strong><\/p>\n<p><strong>OEM: MCK1102<\/strong><\/p>\n","protected":false},"excerpt":{"rendered":"<p>MCK1102 Kit guidage et \u00e9tanch\u00e9it\u00e9 pour \u00e9trier AB Part No: B20025000 OEM: MCK1102<\/p>\n","protected":false},"featured_media":15467,"comment_status":"open","ping_status":"closed","template":"","meta":[],"product-make":[],"product-model":[],"product-trim":[],"pa_category":[486,479],"product_tag":[],"product_attributes":null,"jetpack_sharing_enabled":true,"_links":{"self":[{"href":"https:\/\/abpart.co\/en\/wp-json\/wp\/v2\/product\/4780"}],"collection":[{"href":"https:\/\/abpart.co\/en\/wp-json\/wp\/v2\/product"}],"about":[{"href":"https:\/\/abpart.co\/en\/wp-json\/wp\/v2\/types\/product"}],"replies":[{"embeddable":true,"href":"https:\/\/abpart.co\/en\/wp-json\/wp\/v2\/comments?post=4780"}],"wp:featuredmedia":[{"embeddable":true,"href":"https:\/\/abpart.co\/en\/wp-json\/wp\/v2\/media\/15467"}],"wp:attachment":[{"href":"https:\/\/abpart.co\/en\/wp-json\/wp\/v2\/media?parent=4780"}],"wp:term":[{"taxonomy":"product-make","embeddable":true,"href":"https:\/\/abpart.co\/en\/wp-json\/wp\/v2\/product-make?post=4780"},{"taxonomy":"product-model","embeddable":true,"href":"https:\/\/abpart.co\/en\/wp-json\/wp\/v2\/product-model?post=4780"},{"taxonomy":"product-trim","embeddable":true,"href":"https:\/\/abpart.co\/en\/wp-json\/wp\/v2\/product-trim?post=4780"},{"taxonomy":"product_cat","embeddable":true,"href":"https:\/\/abpart.co\/en\/wp-json\/wp\/v2\/pa_category?post=4780"},{"taxonomy":"product_tag","embeddable":true,"href":"https:\/\/abpart.co\/en\/wp-json\/wp\/v2\/product_tag?post=4780"}],"curies":[{"name":"wp","href":"https:\/\/api.w.org\/{rel}","templated":true}]}}