{"id":4856,"date":"2018-07-30T13:17:21","date_gmt":"2018-07-30T13:17:21","guid":{"rendered":"http:\/\/34.89.185.113\/product\/sj4052-kit-guidage-et-etancheite-pour-etrier\/"},"modified":"2018-07-30T13:17:21","modified_gmt":"2018-07-30T13:17:21","slug":"sj4052-kit-guidage-et-etancheite-pour-etrier","status":"publish","type":"product","link":"https:\/\/abpart.co\/en\/product\/sj4052-kit-guidage-et-etancheite-pour-etrier\/","title":{"rendered":"SJ4052 Kit guidage et \u00e9tanch\u00e9it\u00e9 pour \u00e9trier"},"content":{"rendered":"<h3>SJ4052 Kit guidage et \u00e9tanch\u00e9it\u00e9 pour \u00e9trier<\/h3>\n<p><strong>AB Part No: B20022000<\/strong><\/p>\n<p><strong>OEM: \u00a0SJ4052<\/strong><\/p>\n<p><span style=\"color: #ffffff;\">20-2555<\/span><\/p>\n","protected":false},"excerpt":{"rendered":"<p>SJ4052 Kit guidage et \u00e9tanch\u00e9it\u00e9 pour \u00e9trier AB Part No: B20022000 OEM: \u00a0SJ4052 20-2555<\/p>\n","protected":false},"featured_media":15519,"comment_status":"open","ping_status":"closed","template":"","meta":[],"product-make":[],"product-model":[],"product-trim":[],"pa_category":[482,479],"product_tag":[],"product_attributes":null,"jetpack_sharing_enabled":true,"_links":{"self":[{"href":"https:\/\/abpart.co\/en\/wp-json\/wp\/v2\/product\/4856"}],"collection":[{"href":"https:\/\/abpart.co\/en\/wp-json\/wp\/v2\/product"}],"about":[{"href":"https:\/\/abpart.co\/en\/wp-json\/wp\/v2\/types\/product"}],"replies":[{"embeddable":true,"href":"https:\/\/abpart.co\/en\/wp-json\/wp\/v2\/comments?post=4856"}],"wp:featuredmedia":[{"embeddable":true,"href":"https:\/\/abpart.co\/en\/wp-json\/wp\/v2\/media\/15519"}],"wp:attachment":[{"href":"https:\/\/abpart.co\/en\/wp-json\/wp\/v2\/media?parent=4856"}],"wp:term":[{"taxonomy":"product-make","embeddable":true,"href":"https:\/\/abpart.co\/en\/wp-json\/wp\/v2\/product-make?post=4856"},{"taxonomy":"product-model","embeddable":true,"href":"https:\/\/abpart.co\/en\/wp-json\/wp\/v2\/product-model?post=4856"},{"taxonomy":"product-trim","embeddable":true,"href":"https:\/\/abpart.co\/en\/wp-json\/wp\/v2\/product-trim?post=4856"},{"taxonomy":"product_cat","embeddable":true,"href":"https:\/\/abpart.co\/en\/wp-json\/wp\/v2\/pa_category?post=4856"},{"taxonomy":"product_tag","embeddable":true,"href":"https:\/\/abpart.co\/en\/wp-json\/wp\/v2\/product_tag?post=4856"}],"curies":[{"name":"wp","href":"https:\/\/api.w.org\/{rel}","templated":true}]}}