{"id":4968,"date":"2018-07-31T06:49:29","date_gmt":"2018-07-31T06:49:29","guid":{"rendered":"http:\/\/34.89.185.113\/product\/k001532-kit-guidage-et-etancheite-pour-etrier-2\/"},"modified":"2018-07-31T06:49:29","modified_gmt":"2018-07-31T06:49:29","slug":"k001532-kit-guidage-et-etancheite-pour-etrier-2","status":"publish","type":"product","link":"https:\/\/abpart.co\/en\/product\/k001532-kit-guidage-et-etancheite-pour-etrier-2\/","title":{"rendered":"K001532 Kit guidage et \u00e9tanch\u00e9it\u00e9 pour \u00e9trier"},"content":{"rendered":"<h3 style=\"margin: 0cm; margin-bottom: .0001pt; background: white; vertical-align: baseline;\"><strong><span style=\"font-size: 14pt; font-family: 'Segoe UI', sans-serif; color: #312e2b;\">K001532 Kit guidage et \u00e9tanch\u00e9it\u00e9 pour \u00e9trier<\/span><\/strong><\/h3>\n<p style=\"margin: 0cm; margin-bottom: .0001pt; background: white; vertical-align: baseline;\"><strong><span style=\"font-size: 14pt; font-family: 'Segoe UI', sans-serif; color: #312e2b;\">AB Part No: B20011115<\/span><\/strong><\/p>\n<p style=\"margin: 0cm; margin-bottom: .0001pt; background: white; vertical-align: baseline;\"><strong><span style=\"font-size: 14pt; font-family: 'Segoe UI', sans-serif; color: #312e2b;\">OEM No: K001532<\/span><\/strong><\/p>\n<p style=\"margin: 0cm; margin-bottom: .0001pt; background: white; vertical-align: baseline;\"><span style=\"color: #ffffff;\"><strong><span style=\"font-size: 14pt; font-family: 'Segoe UI', sans-serif;\">GTK1.967 &#8211;\u00a010-1030<\/span><\/strong><\/span><\/p>\n","protected":false},"excerpt":{"rendered":"<p>K001532 Kit guidage et \u00e9tanch\u00e9it\u00e9 pour \u00e9trier AB Part No: B20011115 OEM No: K001532 GTK1.967 &#8211;\u00a010-1030<\/p>\n","protected":false},"featured_media":15602,"comment_status":"open","ping_status":"closed","template":"","meta":[],"product-make":[],"product-model":[],"product-trim":[],"pa_category":[475,478],"product_tag":[],"product_attributes":null,"jetpack_sharing_enabled":true,"_links":{"self":[{"href":"https:\/\/abpart.co\/en\/wp-json\/wp\/v2\/product\/4968"}],"collection":[{"href":"https:\/\/abpart.co\/en\/wp-json\/wp\/v2\/product"}],"about":[{"href":"https:\/\/abpart.co\/en\/wp-json\/wp\/v2\/types\/product"}],"replies":[{"embeddable":true,"href":"https:\/\/abpart.co\/en\/wp-json\/wp\/v2\/comments?post=4968"}],"wp:featuredmedia":[{"embeddable":true,"href":"https:\/\/abpart.co\/en\/wp-json\/wp\/v2\/media\/15602"}],"wp:attachment":[{"href":"https:\/\/abpart.co\/en\/wp-json\/wp\/v2\/media?parent=4968"}],"wp:term":[{"taxonomy":"product-make","embeddable":true,"href":"https:\/\/abpart.co\/en\/wp-json\/wp\/v2\/product-make?post=4968"},{"taxonomy":"product-model","embeddable":true,"href":"https:\/\/abpart.co\/en\/wp-json\/wp\/v2\/product-model?post=4968"},{"taxonomy":"product-trim","embeddable":true,"href":"https:\/\/abpart.co\/en\/wp-json\/wp\/v2\/product-trim?post=4968"},{"taxonomy":"product_cat","embeddable":true,"href":"https:\/\/abpart.co\/en\/wp-json\/wp\/v2\/pa_category?post=4968"},{"taxonomy":"product_tag","embeddable":true,"href":"https:\/\/abpart.co\/en\/wp-json\/wp\/v2\/product_tag?post=4968"}],"curies":[{"name":"wp","href":"https:\/\/api.w.org\/{rel}","templated":true}]}}