{"id":4987,"date":"2018-07-31T07:04:08","date_gmt":"2018-07-31T07:04:08","guid":{"rendered":"http:\/\/34.89.185.113\/product\/mck1152-necessaire-de-reparation-etrier-de-arbre-a-droite\/"},"modified":"2018-07-31T07:04:08","modified_gmt":"2018-07-31T07:04:08","slug":"mck1152-necessaire-de-reparation-etrier-de-arbre-a-droite","status":"publish","type":"product","link":"https:\/\/abpart.co\/en\/product\/mck1152-necessaire-de-reparation-etrier-de-arbre-a-droite\/","title":{"rendered":"MCK1152 N\u00e9cessaire de r\u00e9paration Etrier de arbre (\u00e0 droite)"},"content":{"rendered":"<h3>MCK1152 N\u00e9cessaire de r\u00e9paration Etrier de arbre (\u00e0 droite)<\/h3>\n<p><strong>AB Part No: B20022009<\/strong><\/p>\n<p><strong>OEM: MCK1152<\/strong><\/p>\n<p><span style=\"color: #ffffff;\">20-2576<\/span><\/p>\n","protected":false},"excerpt":{"rendered":"<p>MCK1152 N\u00e9cessaire de r\u00e9paration Etrier de arbre (\u00e0 droite) AB Part No: B20022009 OEM: MCK1152 20-2576<\/p>\n","protected":false},"featured_media":15619,"comment_status":"open","ping_status":"closed","template":"","meta":[],"product-make":[],"product-model":[],"product-trim":[],"pa_category":[482,483,479],"product_tag":[],"product_attributes":null,"jetpack_sharing_enabled":true,"_links":{"self":[{"href":"https:\/\/abpart.co\/en\/wp-json\/wp\/v2\/product\/4987"}],"collection":[{"href":"https:\/\/abpart.co\/en\/wp-json\/wp\/v2\/product"}],"about":[{"href":"https:\/\/abpart.co\/en\/wp-json\/wp\/v2\/types\/product"}],"replies":[{"embeddable":true,"href":"https:\/\/abpart.co\/en\/wp-json\/wp\/v2\/comments?post=4987"}],"wp:featuredmedia":[{"embeddable":true,"href":"https:\/\/abpart.co\/en\/wp-json\/wp\/v2\/media\/15619"}],"wp:attachment":[{"href":"https:\/\/abpart.co\/en\/wp-json\/wp\/v2\/media?parent=4987"}],"wp:term":[{"taxonomy":"product-make","embeddable":true,"href":"https:\/\/abpart.co\/en\/wp-json\/wp\/v2\/product-make?post=4987"},{"taxonomy":"product-model","embeddable":true,"href":"https:\/\/abpart.co\/en\/wp-json\/wp\/v2\/product-model?post=4987"},{"taxonomy":"product-trim","embeddable":true,"href":"https:\/\/abpart.co\/en\/wp-json\/wp\/v2\/product-trim?post=4987"},{"taxonomy":"product_cat","embeddable":true,"href":"https:\/\/abpart.co\/en\/wp-json\/wp\/v2\/pa_category?post=4987"},{"taxonomy":"product_tag","embeddable":true,"href":"https:\/\/abpart.co\/en\/wp-json\/wp\/v2\/product_tag?post=4987"}],"curies":[{"name":"wp","href":"https:\/\/api.w.org\/{rel}","templated":true}]}}