{"id":5032,"date":"2018-07-31T08:05:27","date_gmt":"2018-07-31T08:05:27","guid":{"rendered":"http:\/\/34.89.185.113\/product\/k010603-kit-de-reparation-etrier-du-piston-poussoir-2\/"},"modified":"2018-07-31T08:05:27","modified_gmt":"2018-07-31T08:05:27","slug":"k010603-kit-de-reparation-etrier-du-piston-poussoir-2","status":"publish","type":"product","link":"https:\/\/abpart.co\/en\/product\/k010603-kit-de-reparation-etrier-du-piston-poussoir-2\/","title":{"rendered":"K010603 Kit de r\u00e9paration \u00e9trier du piston poussoir"},"content":{"rendered":"<h3><strong>K010603 Kit de r\u00e9paration \u00e9trier du piston poussoir<\/strong><\/h3>\n<p><strong>AB Part No: B20011020<\/strong><\/p>\n<p><strong>OEM No: K010603 &#8211; K001300 &#8211; K000366<\/strong><\/p>\n<p><span style=\"color: #ffffff;\">GTK1.918 &#8211;\u00a010-1166<\/span><\/p>\n","protected":false},"excerpt":{"rendered":"<p>K010603 Kit de r\u00e9paration \u00e9trier du piston poussoir AB Part No: B20011020 OEM No: K010603 &#8211; K001300 &#8211; K000366 GTK1.918 &#8211;\u00a010-1166<\/p>\n","protected":false},"featured_media":15661,"comment_status":"open","ping_status":"closed","template":"","meta":[],"product-make":[],"product-model":[],"product-trim":[],"pa_category":[475,478,481],"product_tag":[],"product_attributes":null,"jetpack_sharing_enabled":true,"_links":{"self":[{"href":"https:\/\/abpart.co\/en\/wp-json\/wp\/v2\/product\/5032"}],"collection":[{"href":"https:\/\/abpart.co\/en\/wp-json\/wp\/v2\/product"}],"about":[{"href":"https:\/\/abpart.co\/en\/wp-json\/wp\/v2\/types\/product"}],"replies":[{"embeddable":true,"href":"https:\/\/abpart.co\/en\/wp-json\/wp\/v2\/comments?post=5032"}],"wp:featuredmedia":[{"embeddable":true,"href":"https:\/\/abpart.co\/en\/wp-json\/wp\/v2\/media\/15661"}],"wp:attachment":[{"href":"https:\/\/abpart.co\/en\/wp-json\/wp\/v2\/media?parent=5032"}],"wp:term":[{"taxonomy":"product-make","embeddable":true,"href":"https:\/\/abpart.co\/en\/wp-json\/wp\/v2\/product-make?post=5032"},{"taxonomy":"product-model","embeddable":true,"href":"https:\/\/abpart.co\/en\/wp-json\/wp\/v2\/product-model?post=5032"},{"taxonomy":"product-trim","embeddable":true,"href":"https:\/\/abpart.co\/en\/wp-json\/wp\/v2\/product-trim?post=5032"},{"taxonomy":"product_cat","embeddable":true,"href":"https:\/\/abpart.co\/en\/wp-json\/wp\/v2\/pa_category?post=5032"},{"taxonomy":"product_tag","embeddable":true,"href":"https:\/\/abpart.co\/en\/wp-json\/wp\/v2\/product_tag?post=5032"}],"curies":[{"name":"wp","href":"https:\/\/api.w.org\/{rel}","templated":true}]}}