{"id":5066,"date":"2018-07-31T08:18:35","date_gmt":"2018-07-31T08:18:35","guid":{"rendered":"http:\/\/34.89.185.113\/product\/mck1238-etrier-de-du-piston-poussoir-et-necessaire-de-reparation-de-demarrage\/"},"modified":"2018-07-31T08:18:35","modified_gmt":"2018-07-31T08:18:35","slug":"mck1238-etrier-de-du-piston-poussoir-et-necessaire-de-reparation-de-demarrage","status":"publish","type":"product","link":"https:\/\/abpart.co\/en\/product\/mck1238-etrier-de-du-piston-poussoir-et-necessaire-de-reparation-de-demarrage\/","title":{"rendered":"MCK1238 Etrier de du piston poussoir et N\u00e9cessaire de r\u00e9paration de d\u00e9marrage"},"content":{"rendered":"<h3>MCK1238 Etrier de du piston poussoir et N\u00e9cessaire de r\u00e9paration de d\u00e9marrage<\/h3>\n<p><strong>AB Part No: B20023010<\/strong><\/p>\n<p><strong>OEM No: MCK1238<\/strong><\/p>\n<p><span style=\"color: #ffffff;\">20-2421<\/span><\/p>\n","protected":false},"excerpt":{"rendered":"<p>MCK1238 Etrier de du piston poussoir et N\u00e9cessaire de r\u00e9paration de d\u00e9marrage AB Part No: B20023010 OEM No: MCK1238 20-2421<\/p>\n","protected":false},"featured_media":15682,"comment_status":"open","ping_status":"closed","template":"","meta":[],"product-make":[],"product-model":[],"product-trim":[],"pa_category":[518,479],"product_tag":[],"product_attributes":null,"jetpack_sharing_enabled":true,"_links":{"self":[{"href":"https:\/\/abpart.co\/en\/wp-json\/wp\/v2\/product\/5066"}],"collection":[{"href":"https:\/\/abpart.co\/en\/wp-json\/wp\/v2\/product"}],"about":[{"href":"https:\/\/abpart.co\/en\/wp-json\/wp\/v2\/types\/product"}],"replies":[{"embeddable":true,"href":"https:\/\/abpart.co\/en\/wp-json\/wp\/v2\/comments?post=5066"}],"wp:featuredmedia":[{"embeddable":true,"href":"https:\/\/abpart.co\/en\/wp-json\/wp\/v2\/media\/15682"}],"wp:attachment":[{"href":"https:\/\/abpart.co\/en\/wp-json\/wp\/v2\/media?parent=5066"}],"wp:term":[{"taxonomy":"product-make","embeddable":true,"href":"https:\/\/abpart.co\/en\/wp-json\/wp\/v2\/product-make?post=5066"},{"taxonomy":"product-model","embeddable":true,"href":"https:\/\/abpart.co\/en\/wp-json\/wp\/v2\/product-model?post=5066"},{"taxonomy":"product-trim","embeddable":true,"href":"https:\/\/abpart.co\/en\/wp-json\/wp\/v2\/product-trim?post=5066"},{"taxonomy":"product_cat","embeddable":true,"href":"https:\/\/abpart.co\/en\/wp-json\/wp\/v2\/pa_category?post=5066"},{"taxonomy":"product_tag","embeddable":true,"href":"https:\/\/abpart.co\/en\/wp-json\/wp\/v2\/product_tag?post=5066"}],"curies":[{"name":"wp","href":"https:\/\/api.w.org\/{rel}","templated":true}]}}