{"id":5082,"date":"2018-07-31T08:29:21","date_gmt":"2018-07-31T08:29:21","guid":{"rendered":"http:\/\/34.89.185.113\/product\/k000696-kit-guidage-et-etancheite-pour-etrier\/"},"modified":"2018-07-31T08:29:21","modified_gmt":"2018-07-31T08:29:21","slug":"k000696-kit-guidage-et-etancheite-pour-etrier","status":"publish","type":"product","link":"https:\/\/abpart.co\/en\/product\/k000696-kit-guidage-et-etancheite-pour-etrier\/","title":{"rendered":"K000696 Kit guidage et \u00e9tanch\u00e9it\u00e9 pour \u00e9trier"},"content":{"rendered":"<h3>K000696 Kit guidage et \u00e9tanch\u00e9it\u00e9 pour \u00e9trier<\/h3>\n<p><strong>AB Part No: B20011053 <\/strong><\/p>\n<p><strong>OEM: 1527631 &#8211; K000696 &#8211; K004218 &#8211; II310370066<\/strong><\/p>\n<p><span style=\"color: #ffffff;\">GTK1.964 &#8211;\u00a010-1180<\/span><\/p>\n","protected":false},"excerpt":{"rendered":"<p>K000696 Kit guidage et \u00e9tanch\u00e9it\u00e9 pour \u00e9trier AB Part No: B20011053 OEM: 1527631 &#8211; K000696 &#8211; K004218 &#8211; II310370066 GTK1.964 &#8211;\u00a010-1180<\/p>\n","protected":false},"featured_media":15695,"comment_status":"open","ping_status":"closed","template":"","meta":[],"product-make":[],"product-model":[],"product-trim":[],"pa_category":[475,478],"product_tag":[],"product_attributes":null,"jetpack_sharing_enabled":true,"_links":{"self":[{"href":"https:\/\/abpart.co\/en\/wp-json\/wp\/v2\/product\/5082"}],"collection":[{"href":"https:\/\/abpart.co\/en\/wp-json\/wp\/v2\/product"}],"about":[{"href":"https:\/\/abpart.co\/en\/wp-json\/wp\/v2\/types\/product"}],"replies":[{"embeddable":true,"href":"https:\/\/abpart.co\/en\/wp-json\/wp\/v2\/comments?post=5082"}],"wp:featuredmedia":[{"embeddable":true,"href":"https:\/\/abpart.co\/en\/wp-json\/wp\/v2\/media\/15695"}],"wp:attachment":[{"href":"https:\/\/abpart.co\/en\/wp-json\/wp\/v2\/media?parent=5082"}],"wp:term":[{"taxonomy":"product-make","embeddable":true,"href":"https:\/\/abpart.co\/en\/wp-json\/wp\/v2\/product-make?post=5082"},{"taxonomy":"product-model","embeddable":true,"href":"https:\/\/abpart.co\/en\/wp-json\/wp\/v2\/product-model?post=5082"},{"taxonomy":"product-trim","embeddable":true,"href":"https:\/\/abpart.co\/en\/wp-json\/wp\/v2\/product-trim?post=5082"},{"taxonomy":"product_cat","embeddable":true,"href":"https:\/\/abpart.co\/en\/wp-json\/wp\/v2\/pa_category?post=5082"},{"taxonomy":"product_tag","embeddable":true,"href":"https:\/\/abpart.co\/en\/wp-json\/wp\/v2\/product_tag?post=5082"}],"curies":[{"name":"wp","href":"https:\/\/api.w.org\/{rel}","templated":true}]}}