{"id":5138,"date":"2018-07-31T09:10:33","date_gmt":"2018-07-31T09:10:33","guid":{"rendered":"http:\/\/34.89.185.113\/product\/mck1134-kit-de-reparacion-de-guias-y-sellos-de-calibre\/"},"modified":"2018-07-31T09:10:33","modified_gmt":"2018-07-31T09:10:33","slug":"mck1134-kit-de-reparacion-de-guias-y-sellos-de-calibre","status":"publish","type":"product","link":"https:\/\/abpart.co\/en\/product\/mck1134-kit-de-reparacion-de-guias-y-sellos-de-calibre\/","title":{"rendered":"MCK1134 Kit de reparaci\u00f3n de gu\u00edas y sellos de calibre"},"content":{"rendered":"<h3>MCK1134 Kit de reparaci\u00f3n de gu\u00edas y sellos de calibre<\/h3>\n<p><strong>AB Part No: B20023033<\/strong><\/p>\n<p><strong>OEM: MCK1134<\/strong><\/p>\n<p><span style=\"color: #ffffff;\">20-2586<\/span><\/p>\n","protected":false},"excerpt":{"rendered":"<p>MCK1134 Kit de reparaci\u00f3n de gu\u00edas y sellos de calibre AB Part No: B20023033 OEM: MCK1134 20-2586<\/p>\n","protected":false},"featured_media":15747,"comment_status":"open","ping_status":"closed","template":"","meta":[],"product-make":[],"product-model":[],"product-trim":[],"pa_category":[484,479],"product_tag":[],"product_attributes":null,"jetpack_sharing_enabled":true,"_links":{"self":[{"href":"https:\/\/abpart.co\/en\/wp-json\/wp\/v2\/product\/5138"}],"collection":[{"href":"https:\/\/abpart.co\/en\/wp-json\/wp\/v2\/product"}],"about":[{"href":"https:\/\/abpart.co\/en\/wp-json\/wp\/v2\/types\/product"}],"replies":[{"embeddable":true,"href":"https:\/\/abpart.co\/en\/wp-json\/wp\/v2\/comments?post=5138"}],"wp:featuredmedia":[{"embeddable":true,"href":"https:\/\/abpart.co\/en\/wp-json\/wp\/v2\/media\/15747"}],"wp:attachment":[{"href":"https:\/\/abpart.co\/en\/wp-json\/wp\/v2\/media?parent=5138"}],"wp:term":[{"taxonomy":"product-make","embeddable":true,"href":"https:\/\/abpart.co\/en\/wp-json\/wp\/v2\/product-make?post=5138"},{"taxonomy":"product-model","embeddable":true,"href":"https:\/\/abpart.co\/en\/wp-json\/wp\/v2\/product-model?post=5138"},{"taxonomy":"product-trim","embeddable":true,"href":"https:\/\/abpart.co\/en\/wp-json\/wp\/v2\/product-trim?post=5138"},{"taxonomy":"product_cat","embeddable":true,"href":"https:\/\/abpart.co\/en\/wp-json\/wp\/v2\/pa_category?post=5138"},{"taxonomy":"product_tag","embeddable":true,"href":"https:\/\/abpart.co\/en\/wp-json\/wp\/v2\/product_tag?post=5138"}],"curies":[{"name":"wp","href":"https:\/\/api.w.org\/{rel}","templated":true}]}}