{"id":5161,"date":"2018-07-31T10:36:27","date_gmt":"2018-07-31T10:36:27","guid":{"rendered":"http:\/\/34.89.185.113\/product\/k001929-kit-de-reparation-etrier-du-piston-poussoir\/"},"modified":"2018-07-31T10:36:27","modified_gmt":"2018-07-31T10:36:27","slug":"k001929-kit-de-reparation-etrier-du-piston-poussoir","status":"publish","type":"product","link":"https:\/\/abpart.co\/en\/product\/k001929-kit-de-reparation-etrier-du-piston-poussoir\/","title":{"rendered":"K001929 Kit de r\u00e9paration \u00e9trier du piston poussoir"},"content":{"rendered":"<h3>K001929 Kit de r\u00e9paration \u00e9trier du piston poussoir<\/h3>\n<p><strong>AB Part No: B20011060<\/strong><\/p>\n<p><strong>OEM: K001929<\/strong><\/p>\n","protected":false},"excerpt":{"rendered":"<p>K001929 Kit de r\u00e9paration \u00e9trier du piston poussoir AB Part No: B20011060 OEM: K001929<\/p>\n","protected":false},"featured_media":15762,"comment_status":"open","ping_status":"closed","template":"","meta":[],"product-make":[],"product-model":[],"product-trim":[],"pa_category":[475,477],"product_tag":[],"product_attributes":null,"jetpack_sharing_enabled":true,"_links":{"self":[{"href":"https:\/\/abpart.co\/en\/wp-json\/wp\/v2\/product\/5161"}],"collection":[{"href":"https:\/\/abpart.co\/en\/wp-json\/wp\/v2\/product"}],"about":[{"href":"https:\/\/abpart.co\/en\/wp-json\/wp\/v2\/types\/product"}],"replies":[{"embeddable":true,"href":"https:\/\/abpart.co\/en\/wp-json\/wp\/v2\/comments?post=5161"}],"wp:featuredmedia":[{"embeddable":true,"href":"https:\/\/abpart.co\/en\/wp-json\/wp\/v2\/media\/15762"}],"wp:attachment":[{"href":"https:\/\/abpart.co\/en\/wp-json\/wp\/v2\/media?parent=5161"}],"wp:term":[{"taxonomy":"product-make","embeddable":true,"href":"https:\/\/abpart.co\/en\/wp-json\/wp\/v2\/product-make?post=5161"},{"taxonomy":"product-model","embeddable":true,"href":"https:\/\/abpart.co\/en\/wp-json\/wp\/v2\/product-model?post=5161"},{"taxonomy":"product-trim","embeddable":true,"href":"https:\/\/abpart.co\/en\/wp-json\/wp\/v2\/product-trim?post=5161"},{"taxonomy":"product_cat","embeddable":true,"href":"https:\/\/abpart.co\/en\/wp-json\/wp\/v2\/pa_category?post=5161"},{"taxonomy":"product_tag","embeddable":true,"href":"https:\/\/abpart.co\/en\/wp-json\/wp\/v2\/product_tag?post=5161"}],"curies":[{"name":"wp","href":"https:\/\/api.w.org\/{rel}","templated":true}]}}