{"id":5265,"date":"2018-07-31T12:23:13","date_gmt":"2018-07-31T12:23:13","guid":{"rendered":"http:\/\/34.89.185.113\/product\/k010813-kit-guidage-et-etancheite-pour-etrier-2\/"},"modified":"2018-07-31T12:23:13","modified_gmt":"2018-07-31T12:23:13","slug":"k010813-kit-guidage-et-etancheite-pour-etrier-2","status":"publish","type":"product","link":"https:\/\/abpart.co\/en\/product\/k010813-kit-guidage-et-etancheite-pour-etrier-2\/","title":{"rendered":"K010813 Kit guidage et \u00e9tanch\u00e9it\u00e9 pour \u00e9trier"},"content":{"rendered":"<h3>K010813 Kit guidage et \u00e9tanch\u00e9it\u00e9 pour \u00e9trier<\/h3>\n<p><strong>AB Part No: B20011059<\/strong><\/p>\n<p><strong>OEM No: K010813<\/strong><\/p>\n<p><span style=\"color: #ffffff;\">GTK1.9028 &#8211;\u00a010-1292<\/span><\/p>\n","protected":false},"excerpt":{"rendered":"<p>K010813 Kit guidage et \u00e9tanch\u00e9it\u00e9 pour \u00e9trier AB Part No: B20011059 OEM No: K010813 GTK1.9028 &#8211;\u00a010-1292<\/p>\n","protected":false},"featured_media":15844,"comment_status":"open","ping_status":"closed","template":"","meta":[],"product-make":[],"product-model":[],"product-trim":[],"pa_category":[475,478],"product_tag":[],"product_attributes":null,"jetpack_sharing_enabled":true,"_links":{"self":[{"href":"https:\/\/abpart.co\/en\/wp-json\/wp\/v2\/product\/5265"}],"collection":[{"href":"https:\/\/abpart.co\/en\/wp-json\/wp\/v2\/product"}],"about":[{"href":"https:\/\/abpart.co\/en\/wp-json\/wp\/v2\/types\/product"}],"replies":[{"embeddable":true,"href":"https:\/\/abpart.co\/en\/wp-json\/wp\/v2\/comments?post=5265"}],"wp:featuredmedia":[{"embeddable":true,"href":"https:\/\/abpart.co\/en\/wp-json\/wp\/v2\/media\/15844"}],"wp:attachment":[{"href":"https:\/\/abpart.co\/en\/wp-json\/wp\/v2\/media?parent=5265"}],"wp:term":[{"taxonomy":"product-make","embeddable":true,"href":"https:\/\/abpart.co\/en\/wp-json\/wp\/v2\/product-make?post=5265"},{"taxonomy":"product-model","embeddable":true,"href":"https:\/\/abpart.co\/en\/wp-json\/wp\/v2\/product-model?post=5265"},{"taxonomy":"product-trim","embeddable":true,"href":"https:\/\/abpart.co\/en\/wp-json\/wp\/v2\/product-trim?post=5265"},{"taxonomy":"product_cat","embeddable":true,"href":"https:\/\/abpart.co\/en\/wp-json\/wp\/v2\/pa_category?post=5265"},{"taxonomy":"product_tag","embeddable":true,"href":"https:\/\/abpart.co\/en\/wp-json\/wp\/v2\/product_tag?post=5265"}],"curies":[{"name":"wp","href":"https:\/\/api.w.org\/{rel}","templated":true}]}}