{"id":5290,"date":"2018-07-31T12:42:09","date_gmt":"2018-07-31T12:42:09","guid":{"rendered":"http:\/\/34.89.185.113\/product\/1415149-kit-guidage-et-etancheite-pour-etrier\/"},"modified":"2018-07-31T12:42:09","modified_gmt":"2018-07-31T12:42:09","slug":"1415149-kit-guidage-et-etancheite-pour-etrier","status":"publish","type":"product","link":"https:\/\/abpart.co\/en\/product\/1415149-kit-guidage-et-etancheite-pour-etrier\/","title":{"rendered":"1415149 Kit guidage et \u00e9tanch\u00e9it\u00e9 pour \u00e9trier"},"content":{"rendered":"<h3><strong>1415149 Kit guidage et \u00e9tanch\u00e9it\u00e9 pour \u00e9trier<\/strong><\/h3>\n<p><strong>AB Part No: B20011055<\/strong><\/p>\n<p><strong>OEM No: II358510062 &#8211; 1415149 &#8211; 000 420 1182<\/strong><\/p>\n<p><span style=\"color: #ffffff;\">GTK1.970 &#8211;\u00a010-1220<\/span><\/p>\n","protected":false},"excerpt":{"rendered":"<p>1415149 Kit guidage et \u00e9tanch\u00e9it\u00e9 pour \u00e9trier AB Part No: B20011055 OEM No: II358510062 &#8211; 1415149 &#8211; 000 420 1182 GTK1.970 &#8211;\u00a010-1220<\/p>\n","protected":false},"featured_media":15862,"comment_status":"open","ping_status":"closed","template":"","meta":[],"product-make":[],"product-model":[],"product-trim":[],"pa_category":[475,481],"product_tag":[],"product_attributes":null,"jetpack_sharing_enabled":true,"_links":{"self":[{"href":"https:\/\/abpart.co\/en\/wp-json\/wp\/v2\/product\/5290"}],"collection":[{"href":"https:\/\/abpart.co\/en\/wp-json\/wp\/v2\/product"}],"about":[{"href":"https:\/\/abpart.co\/en\/wp-json\/wp\/v2\/types\/product"}],"replies":[{"embeddable":true,"href":"https:\/\/abpart.co\/en\/wp-json\/wp\/v2\/comments?post=5290"}],"wp:featuredmedia":[{"embeddable":true,"href":"https:\/\/abpart.co\/en\/wp-json\/wp\/v2\/media\/15862"}],"wp:attachment":[{"href":"https:\/\/abpart.co\/en\/wp-json\/wp\/v2\/media?parent=5290"}],"wp:term":[{"taxonomy":"product-make","embeddable":true,"href":"https:\/\/abpart.co\/en\/wp-json\/wp\/v2\/product-make?post=5290"},{"taxonomy":"product-model","embeddable":true,"href":"https:\/\/abpart.co\/en\/wp-json\/wp\/v2\/product-model?post=5290"},{"taxonomy":"product-trim","embeddable":true,"href":"https:\/\/abpart.co\/en\/wp-json\/wp\/v2\/product-trim?post=5290"},{"taxonomy":"product_cat","embeddable":true,"href":"https:\/\/abpart.co\/en\/wp-json\/wp\/v2\/pa_category?post=5290"},{"taxonomy":"product_tag","embeddable":true,"href":"https:\/\/abpart.co\/en\/wp-json\/wp\/v2\/product_tag?post=5290"}],"curies":[{"name":"wp","href":"https:\/\/api.w.org\/{rel}","templated":true}]}}