{"id":5391,"date":"2018-07-31T15:08:23","date_gmt":"2018-07-31T15:08:23","guid":{"rendered":"http:\/\/34.89.185.113\/product\/k001928-kit-guidage-et-etancheite-pour-etrier\/"},"modified":"2018-07-31T15:08:23","modified_gmt":"2018-07-31T15:08:23","slug":"k001928-kit-guidage-et-etancheite-pour-etrier","status":"publish","type":"product","link":"https:\/\/abpart.co\/en\/product\/k001928-kit-guidage-et-etancheite-pour-etrier\/","title":{"rendered":"K001928 Kit guidage et \u00e9tanch\u00e9it\u00e9 pour \u00e9trier"},"content":{"rendered":"<h3>K001928 Kit guidage et \u00e9tanch\u00e9it\u00e9 pour \u00e9trier<\/h3>\n<p><strong>AB Part No: B20011061<\/strong><\/p>\n<p><strong>OEM: K001928<\/strong><\/p>\n","protected":false},"excerpt":{"rendered":"<p>K001928 Kit guidage et \u00e9tanch\u00e9it\u00e9 pour \u00e9trier AB Part No: B20011061 OEM: K001928<\/p>\n","protected":false},"featured_media":15930,"comment_status":"open","ping_status":"closed","template":"","meta":[],"product-make":[],"product-model":[],"product-trim":[],"pa_category":[475,477],"product_tag":[],"product_attributes":null,"jetpack_sharing_enabled":true,"_links":{"self":[{"href":"https:\/\/abpart.co\/en\/wp-json\/wp\/v2\/product\/5391"}],"collection":[{"href":"https:\/\/abpart.co\/en\/wp-json\/wp\/v2\/product"}],"about":[{"href":"https:\/\/abpart.co\/en\/wp-json\/wp\/v2\/types\/product"}],"replies":[{"embeddable":true,"href":"https:\/\/abpart.co\/en\/wp-json\/wp\/v2\/comments?post=5391"}],"wp:featuredmedia":[{"embeddable":true,"href":"https:\/\/abpart.co\/en\/wp-json\/wp\/v2\/media\/15930"}],"wp:attachment":[{"href":"https:\/\/abpart.co\/en\/wp-json\/wp\/v2\/media?parent=5391"}],"wp:term":[{"taxonomy":"product-make","embeddable":true,"href":"https:\/\/abpart.co\/en\/wp-json\/wp\/v2\/product-make?post=5391"},{"taxonomy":"product-model","embeddable":true,"href":"https:\/\/abpart.co\/en\/wp-json\/wp\/v2\/product-model?post=5391"},{"taxonomy":"product-trim","embeddable":true,"href":"https:\/\/abpart.co\/en\/wp-json\/wp\/v2\/product-trim?post=5391"},{"taxonomy":"product_cat","embeddable":true,"href":"https:\/\/abpart.co\/en\/wp-json\/wp\/v2\/pa_category?post=5391"},{"taxonomy":"product_tag","embeddable":true,"href":"https:\/\/abpart.co\/en\/wp-json\/wp\/v2\/product_tag?post=5391"}],"curies":[{"name":"wp","href":"https:\/\/api.w.org\/{rel}","templated":true}]}}